{"id":297,"date":"2025-07-08T19:03:53","date_gmt":"2025-07-08T19:03:53","guid":{"rendered":"https:\/\/www.zlobektychy.pl\/?page_id=297"},"modified":"2025-08-16T19:13:01","modified_gmt":"2025-08-16T19:13:01","slug":"trwa-aktualizacja","status":"publish","type":"page","link":"https:\/\/www.zlobektychy.pl\/","title":{"rendered":"Trwa aktualizacja"},"content":{"rendered":"\n<p><strong>Strona internetowa jest w budowie.<\/strong><br>Pracujemy nad jej uruchomieniem \u2013 ju\u017c wkr\u00f3tce znajdziesz tu wszystkie informacje o naszym \u017c\u0142obku w Tychach.<\/p>\n\n\n\n<p>Zapraszamy ponownie wkr\u00f3tce!<\/p>\n","protected":false},"excerpt":{"rendered":"<p>Strona internetowa jest w budowie.Pracujemy nad jej uruchomieniem \u2013 ju\u017c wkr\u00f3tce znajdziesz tu wszystkie informacje o naszym \u017c\u0142obku w Tychach. Zapraszamy ponownie wkr\u00f3tce!<\/p>\n","protected":false},"author":1,"featured_media":0,"parent":0,"menu_order":0,"comment_status":"closed","ping_status":"closed","template":"","meta":{"footnotes":""},"class_list":["post-297","page","type-page","status-publish","hentry"],"_links":{"self":[{"href":"https:\/\/www.zlobektychy.pl\/index.php\/wp-json\/wp\/v2\/pages\/297","targetHints":{"allow":["GET"]}}],"collection":[{"href":"https:\/\/www.zlobektychy.pl\/index.php\/wp-json\/wp\/v2\/pages"}],"about":[{"href":"https:\/\/www.zlobektychy.pl\/index.php\/wp-json\/wp\/v2\/types\/page"}],"author":[{"embeddable":true,"href":"https:\/\/www.zlobektychy.pl\/index.php\/wp-json\/wp\/v2\/users\/1"}],"replies":[{"embeddable":true,"href":"https:\/\/www.zlobektychy.pl\/index.php\/wp-json\/wp\/v2\/comments?post=297"}],"version-history":[{"count":1,"href":"https:\/\/www.zlobektychy.pl\/index.php\/wp-json\/wp\/v2\/pages\/297\/revisions"}],"predecessor-version":[{"id":298,"href":"https:\/\/www.zlobektychy.pl\/index.php\/wp-json\/wp\/v2\/pages\/297\/revisions\/298"}],"wp:attachment":[{"href":"https:\/\/www.zlobektychy.pl\/index.php\/wp-json\/wp\/v2\/media?parent=297"}],"curies":[{"name":"wp","href":"https:\/\/api.w.org\/{rel}","templated":true}]}}